{"id":21946,"date":"2026-03-30T13:52:02","date_gmt":"2026-03-30T13:52:02","guid":{"rendered":"https:\/\/www.sinpeks.com\/ba\/?page_id=21946"},"modified":"2026-03-30T14:24:40","modified_gmt":"2026-03-30T14:24:40","slug":"registrovani-zig","status":"publish","type":"page","link":"https:\/\/www.sinpeks.com\/ba\/registrovani-zig\/","title":{"rendered":"SINPEKS\u00ae registrovani \u017eig"},"content":{"rendered":"\n<p>SINPEKS\u00ae je registrovani \u017eig kompanije SINPEKS DOO Bitola. SINPEKS\u00ae je registrovan u Sjevernoj Makedoniji pod brojem registracije 17618 za sljede\u0107u klasu Nicanske klasifikacije: 7.<\/p>\n\n\n\n<h2 class=\"wp-block-heading\">Registrovani \u017eigovi kompanije SINPEKS DOO Bitola<\/h2>\n\n\n\n<p>Sljede\u0107i za\u0161titni znak je registrovan kao intelektualno vlasni\u0161tvo kompanije SINPEKS DOO Bitola:<\/p>\n\n\n\n<ul class=\"wp-block-list\">\n<li>s\u0131npeks CARE ABOUT QUALITY\u00ae pod brojem registracije 1830986 za sljede\u0107e klase Nicanske klasifikacije: 35, 37.<\/li>\n<\/ul>\n","protected":false},"excerpt":{"rendered":"<p>SINPEKS\u00ae je registrovani \u017eig kompanije SINPEKS DOO Bitola. SINPEKS\u00ae je registrovan u Sjevernoj Makedoniji pod brojem registracije 17618 za sljede\u0107u klasu Nicanske klasifikacije: 7. Registrovani \u017eigovi kompanije SINPEKS DOO Bitola Sljede\u0107i za\u0161titni znak je registrovan kao intelektualno vlasni\u0161tvo kompanije SINPEKS DOO Bitola:<\/p>\n","protected":false},"author":1,"featured_media":0,"parent":0,"menu_order":0,"comment_status":"closed","ping_status":"closed","template":"","meta":{"_acf_changed":false,"footnotes":""},"class_list":["post-21946","page","type-page","status-publish","hentry"],"acf":[],"_links":{"self":[{"href":"https:\/\/www.sinpeks.com\/ba\/wp-json\/wp\/v2\/pages\/21946","targetHints":{"allow":["GET"]}}],"collection":[{"href":"https:\/\/www.sinpeks.com\/ba\/wp-json\/wp\/v2\/pages"}],"about":[{"href":"https:\/\/www.sinpeks.com\/ba\/wp-json\/wp\/v2\/types\/page"}],"author":[{"embeddable":true,"href":"https:\/\/www.sinpeks.com\/ba\/wp-json\/wp\/v2\/users\/1"}],"replies":[{"embeddable":true,"href":"https:\/\/www.sinpeks.com\/ba\/wp-json\/wp\/v2\/comments?post=21946"}],"version-history":[{"count":2,"href":"https:\/\/www.sinpeks.com\/ba\/wp-json\/wp\/v2\/pages\/21946\/revisions"}],"predecessor-version":[{"id":21953,"href":"https:\/\/www.sinpeks.com\/ba\/wp-json\/wp\/v2\/pages\/21946\/revisions\/21953"}],"wp:attachment":[{"href":"https:\/\/www.sinpeks.com\/ba\/wp-json\/wp\/v2\/media?parent=21946"}],"curies":[{"name":"wp","href":"https:\/\/api.w.org\/{rel}","templated":true}]}}