{"id":15566,"date":"2025-03-04T13:21:19","date_gmt":"2025-03-04T13:21:19","guid":{"rendered":"https:\/\/sinpeksstaging.com\/?page_id=15566"},"modified":"2025-09-04T14:41:26","modified_gmt":"2025-09-04T14:41:26","slug":"opsti-uslovi-koriscenja","status":"publish","type":"page","link":"https:\/\/www.sinpeks.com\/ba\/opsti-uslovi-koriscenja\/","title":{"rendered":"Op\u0161ti uslovi kori\u0161tenja"},"content":{"rendered":"\n<p>Ova web stranica www.sinpeks.com\/ba\/\u00a0je u privatnom vlasni\u0161tvu SINPEKS B doo Bijeljina i sva me\u0111usobna komunikacija i interakcija koja se odvija s korisnicima trebala bi biti u skladu s Op\u0107im odredbama i politikama koje ure\u0111uje SINPEKS B doo Bijeljina.<\/p>\n\n\n\n<p>SINPEKS B doo Bijeljina zadr\u017eava pravo u bilo koje vrijeme, ako smatra da je potrebno, otkazati i \/ ili izmijeniti bilo koju web stranicu www.sinpeks.com\/ba\/ i bilo koju od navedenih odredbi i \/ ili politika.<\/p>\n\n\n\n<p>Politika za\u0161tite li\u010dnih podataka<\/p>\n\n\n\n<p>Molimo pro\u010ditajte na\u0161u Politiku za\u0161tite li\u010dnih podataka&nbsp;i&nbsp;privatnosti.<\/p>\n\n\n\n<p>Politika isporuke proizvoda<\/p>\n\n\n\n<p>Molimo pro\u010ditajte na\u0161u Politiku isporuke proizvoda.<\/p>\n\n\n\n<p>Politika povrata novca<\/p>\n\n\n\n<p>Molimo pro\u010ditajte na\u0161u politiku povrata novca.<\/p>\n\n\n\n<p>Elektronska komunikacija<\/p>\n\n\n\n<p>Slanjem narud\u017ebe ili e-po\u0161te uspostavljate elektroni\u010dku komunikaciju s nama. Od nas \u0107ete primati povratne informacije putem e -po\u0161te i \/ ili obavijesti koje \u0107e biti prikazane na web stranici. SINPEKS B doo Bijeljina pru\u017ea najve\u0107u sigurnost i sigurnost na web stranici. Me\u0111utim, ne mo\u017eemo jam\u010diti da je pristup hakerima, ra\u010dunalnim virusima itd.&nbsp;nemogu\u0107 i da \u0107ete na to utjecati.<\/p>\n\n\n\n<p>Komentari, recenzije i drugi sadr\u017eaji<\/p>\n\n\n\n<p>Korisnici mogu ocijeniti proizvode, dodati komentar ili postaviti komentar ili pitanje, sve dok njihov sadr\u017eaj nije nezakonit, prijete\u0107i, uvredljiv ili mo\u017ee na\u0161tetiti tre\u0107im stranama. Zabranjeni su komentari s politi\u010dkim sadr\u017eajem, oglasi itd.,\u00a0kategorizirani kao &#8220;ne\u017eeljena po\u0161ta&#8221;. SINPEKS B doo Bijeljina zadr\u017eava pravo uklanjanja tih poruka. Kori\u0161tenjem ove web stranice, STROGO JE ZABRANJENO kopirati, distribuirati, prenositi, objavljivati, povezivati ili na neki drugi na\u010din mijenjati web stranicu www.sinpeks.com\/ba\/ bez pisanog pristanka SINPEKS B doo Bijeljina.<\/p>\n\n\n\n<p>Tvrtka SINPEKS B doo Bijeljina ne\u0107e biti odgovorna za bilo kakvu \u0161tetu nastalu kori\u0161tenjem, ili za nemogu\u0107nost kori\u0161tenja ove web stranice. Krajnji korisnik izri\u010dito prihva\u0107a da se odredbe ovog poglavlja primjenjuju na sav sadr\u017eaj na web stranici. Osim gore navedenih zahtjeva, kompanija SINPEKS B doo Bijeljina ne\u0107e biti odgovorna, bez obzira na uzrok ili trajanje, za gre\u0161ke, neto\u010dnosti ili druge nedostatke, neadekvatnost ili neizvjesnost, informacije sadr\u017eane na ovoj web stranici, kao ni za bilo koje ka\u0161njenje ili prekid u prijenosu informacija krajnjem korisniku o bilo kakvoj \u0161teti ili gubitku koji iz toga proizlaze. Ni\u0161ta od gore navedenog ne\u0107e biti odgovorno za bilo kakvu \u0161tetu ili gubitak tre\u0107im stranama, uklju\u010duju\u0107i gubitak dobiti.<\/p>\n\n\n\n<p>Tvrtka SINPEKS B doo Bijeljina nije odgovorna za bilo koji sadr\u017eaj koji korisnik mo\u017ee objaviti na web stranici. Tvrtka SINPEKS B doo Bijeljina zadr\u017eava pravo izmjene, prilagodbe, izmjene, brisanja ili uklanjanja bilo kojeg sadr\u017eaja koji se smatra neprikladnim. Krajnji korisnik pristaje nadoknaditi i ne\u0107e smatrati dru\u0161tvo SINPEKS B doo Bijeljina odgovornim za sve zahtjeve za naknadu \u0161tete i tro\u0161kove, uklju\u010duju\u0107i pravne tro\u0161kove, koji mogu nastati kori\u0161tenjem web stranice krajnjeg korisnika. Kompanija SINPEKS B doo Bijeljina mo\u017ee u bilo kojem trenutku raskinuti poslovni odnos sa bilo kojim od korisnika.&nbsp;<\/p>\n\n\n\n<p>www.sinpeks.com\/ba\/ je registrirana domena\u00a0SINPEKS doo Bitola, Makedonija koja je jedna od osniva\u010da firme\u00a0SINPEKS B doo Bijeljina.<\/p>\n\n\n\n<p>opis proizvoda<\/p>\n\n\n\n<p>SINPEKS B doo Bijeljina je distributer i za sve opise i slike proizvoda poku\u0161ano ih je \u0161to bli\u017ee i preciznije opisati. Me\u0111utim, SINPEKS B doo Bijeljina ne mo\u017ee garantirati da su opisi proizvoda potpuni, ta\u010dni ili bez gre\u0161aka. Ako proizvod koji nudi i primi SINPEKS B doo Bijeljina nije u skladu s opisom, imate pravo vratiti ga neo\u0161te\u0107en i nekori\u0161ten.<\/p>\n\n\n\n<p>Cijene<\/p>\n\n\n\n<p>Sve cijene su izra\u017eene u&nbsp;konvertibilnim markama&nbsp;sa PDV -om i ne uklju\u010duju tro\u0161kove pakovanja i distribucije. SINPEKS B doo Bijeljina zadr\u017eava pravo promjene cijena bez prethodne najave u skladu s politikom kompanije. Pri naru\u010divanju se ne\u0107e mijenjati cijena. Molimo pro\u010ditajte na\u0161u Politiku isporuke proizvoda.<\/p>\n\n\n\n<p>Autorska prava<\/p>\n\n\n\n<p>Svi sadr\u017eaji na ovoj web stranici, poput teksta, slika, logotipa, ikona, digitalnih preuzimanja i softvera vlasni\u0161tvo su&nbsp;SINPEKS doo Bitola, Makedonija posredno i&nbsp;SINPEKS B doo Bijeljina i svako njihovo kori\u0161tenje za istu ili sli\u010dnu djelatnost ka\u017enjivo je zakonom.<\/p>\n\n\n\n<p>Politike i promjene<\/p>\n\n\n\n<p>Pro\u010ditajte na\u0161a pravila objavljena na web stranici. Ove politike tako\u0111e sadr\u017ee odredbe u vezi s posjetom web stranici. SINPEKS B doo Bijeljina zadr\u017eava pravo izmjene web stranice, pravila i op\u0107ih odredbi u bilo kojem trenutku.<\/p>\n","protected":false},"excerpt":{"rendered":"<p>Ova web stranica www.sinpeks.com\/ba\/\u00a0je u privatnom vlasni\u0161tvu SINPEKS B doo Bijeljina i sva me\u0111usobna komunikacija i interakcija koja se odvija s korisnicima trebala bi biti u skladu s Op\u0107im odredbama i politikama koje ure\u0111uje SINPEKS B doo Bijeljina. SINPEKS B doo Bijeljina zadr\u017eava pravo u bilo koje vrijeme, ako smatra da je potrebno, otkazati i [&hellip;]<\/p>\n","protected":false},"author":1,"featured_media":0,"parent":0,"menu_order":0,"comment_status":"closed","ping_status":"closed","template":"","meta":{"_acf_changed":false,"footnotes":""},"class_list":["post-15566","page","type-page","status-publish","hentry"],"acf":[],"_links":{"self":[{"href":"https:\/\/www.sinpeks.com\/ba\/wp-json\/wp\/v2\/pages\/15566","targetHints":{"allow":["GET"]}}],"collection":[{"href":"https:\/\/www.sinpeks.com\/ba\/wp-json\/wp\/v2\/pages"}],"about":[{"href":"https:\/\/www.sinpeks.com\/ba\/wp-json\/wp\/v2\/types\/page"}],"author":[{"embeddable":true,"href":"https:\/\/www.sinpeks.com\/ba\/wp-json\/wp\/v2\/users\/1"}],"replies":[{"embeddable":true,"href":"https:\/\/www.sinpeks.com\/ba\/wp-json\/wp\/v2\/comments?post=15566"}],"version-history":[{"count":2,"href":"https:\/\/www.sinpeks.com\/ba\/wp-json\/wp\/v2\/pages\/15566\/revisions"}],"predecessor-version":[{"id":20875,"href":"https:\/\/www.sinpeks.com\/ba\/wp-json\/wp\/v2\/pages\/15566\/revisions\/20875"}],"wp:attachment":[{"href":"https:\/\/www.sinpeks.com\/ba\/wp-json\/wp\/v2\/media?parent=15566"}],"curies":[{"name":"wp","href":"https:\/\/api.w.org\/{rel}","templated":true}]}}